{"id":567,"date":"2019-03-18T09:07:50","date_gmt":"2019-03-18T09:07:50","guid":{"rendered":"https:\/\/oldestonia.com\/menuu\/"},"modified":"2022-09-10T12:51:25","modified_gmt":"2022-09-10T12:51:25","slug":"menu","status":"publish","type":"page","link":"https:\/\/oldestonia.com\/et\/menu\/","title":{"rendered":"Men\u00fc\u00fc"},"content":{"rendered":"<div id=\"pl-567\"  class=\"panel-layout\" ><div id=\"pg-567-0\"  class=\"panel-grid panel-has-style\" ><div class=\"siteorigin-panels-stretch panel-row-style panel-row-style-for-567-0\" data-stretch-type=\"full-stretched\" data-iw-animation-delay=\"\" data-iw-animation-position=\"\" ><div id=\"pgc-567-0-0\"  class=\"panel-grid-cell\" ><div id=\"panel-567-0-0-0\" class=\"so-panel widget widget_sow-hero panel-first-child\" data-index=\"0\" ><div data-iw-animation-delay=\"\" data-iw-animation-position=\"\" class=\"panel-widget-style panel-widget-style-for-567-0-0-0\" ><div\n\t\t\t\n\t\t\tclass=\"so-widget-sow-hero so-widget-sow-hero-default-2af1684962bd-567 so-widget-fittext-wrapper\"\n\t\t\t data-fit-text-compressor=\"0.75\"\n\t\t>\t\t\t\t<div class=\"sow-slider-base\" style=\"display: none\" tabindex=\"0\">\n\t\t\t\t\t<ul\n\t\t\t\t\tclass=\"sow-slider-images\"\n\t\t\t\t\tdata-settings=\"{&quot;pagination&quot;:true,&quot;speed&quot;:800,&quot;timeout&quot;:8000,&quot;paused&quot;:false,&quot;pause_on_hover&quot;:false,&quot;swipe&quot;:true,&quot;nav_always_show_desktop&quot;:&quot;&quot;,&quot;nav_always_show_mobile&quot;:&quot;&quot;,&quot;breakpoint&quot;:&quot;780px&quot;,&quot;unmute&quot;:false,&quot;anchor&quot;:null}\"\n\t\t\t\t\tstyle=\"min-height: 350px\"\t\t\t\t\tdata-anchor-id=\"\"\n\t\t\t\t>\t\t<li class=\"sow-slider-image  sow-slider-image-cover\" style=\"visibility: visible;;background-color: #000000\" >\n\t\t\t\t\t<div class=\"sow-slider-image-container\">\n\t\t\t<div class=\"sow-slider-image-wrapper\">\n\t\t\t\t<h2 style=\"text-align: center\">Men\u00fc\u00fc<\/h2>\n<p style=\"text-align: center\"><b>Parim toit Eestis<\/b>!<\/p>\n\t\t\t<\/div>\n\t\t<\/div>\n\t\t<div class=\"sow-slider-image-overlay sow-slider-image-cover\" style=\"opacity: 0.35;background-image: url(https:\/\/oldestonia.com\/wp-content\/uploads\/2019\/03\/Old-estonia-menu.jpg)\"  ><\/div>\t\t<\/li>\n\t\t<\/ul>\t\t\t\t<ol class=\"sow-slider-pagination\">\n\t\t\t\t\t\t\t\t\t\t\t<li><a href=\"#\" data-goto=\"0\" aria-label=\"Display slide 1\"><\/a><\/li>\n\t\t\t\t\t\t\t\t\t<\/ol>\n\n\t\t\t\t<div class=\"sow-slide-nav sow-slide-nav-next\">\n\t\t\t\t\t<a href=\"#\" data-goto=\"next\" aria-label=\"Next slide\" data-action=\"next\">\n\t\t\t\t\t\t<em class=\"sow-sld-icon-thin-right\"><\/em>\n\t\t\t\t\t<\/a>\n\t\t\t\t<\/div>\n\n\t\t\t\t<div class=\"sow-slide-nav sow-slide-nav-prev\">\n\t\t\t\t\t<a href=\"#\" data-goto=\"previous\" aria-label=\"Previous slide\" data-action=\"prev\">\n\t\t\t\t\t\t<em class=\"sow-sld-icon-thin-left\"><\/em>\n\t\t\t\t\t<\/a>\n\t\t\t\t<\/div>\n\t\t\t\t<\/div><\/div><\/div><\/div><div id=\"panel-567-0-0-1\" class=\"so-panel widget widget_ink-accordion\" data-index=\"1\" ><div data-iw-animation-delay=\"\" data-iw-animation-position=\"\" class=\"panel-widget-style panel-widget-style-for-567-0-0-1\" ><div\n\t\t\t\n\t\t\tclass=\"so-widget-ink-accordion so-widget-ink-accordion-accordion-d79ae457f0b7-567\"\n\t\t\t\n\t\t>\n<div class=\"iw-so-accordion-plain iw-so-accordion iw-so-acc-singleExpand\">\n\n\t\n\t\t<div class=\"iw-so-acc-item\"  id=\"toggle-1-1\">\n\n\t\t\t<a href=\"#\" class=\"iw-so-acc-title iw-text-center\">\n\t\t\t\tHommikus\u00f6\u00f6k\t\t\t\t<span class=\"iw-so-tgl-open\"><\/span>\n\t\t\t\t<span class=\"iw-so-tgl-close\"><\/span>\n\t\t\t<\/a>\n\n\t\t\t<div class=\"iw-so-acc-content\">\n\t\t\t\t<p style=\"text-align: center;\"><strong>Praemunad peekoni ja friikartulitega<\/strong><\/p>\n<p style=\"text-align: center;\">8,90\u20ac<\/p>\n<p style=\"text-align: center;\">Munapuder vineritega ja friikartulitega<\/p>\n<p style=\"text-align: center;\">8,90\u20ac<\/p>\n<p style=\"text-align: center;\">\n<\/p>\t\t\t<\/div>\n\n\t\t<\/div>\n\n\t\t\n\t\n<\/div>\n<\/div><\/div><\/div><div id=\"panel-567-0-0-2\" class=\"so-panel widget widget_ink-accordion\" data-index=\"2\" ><div data-iw-animation-delay=\"\" data-iw-animation-position=\"\" class=\"panel-widget-style panel-widget-style-for-567-0-0-2\" ><div\n\t\t\t\n\t\t\tclass=\"so-widget-ink-accordion so-widget-ink-accordion-accordion-0fdb30fd5475-567\"\n\t\t\t\n\t\t>\n<div class=\"iw-so-accordion-plain iw-so-accordion iw-so-acc-singleExpand\">\n\n\t\n\t\t<div class=\"iw-so-acc-item\"  id=\"toggle-2-1\">\n\n\t\t\t<a href=\"#\" class=\"iw-so-acc-title iw-text-center\">\n\t\t\t\tStarterid\t\t\t\t<span class=\"iw-so-tgl-open\"><\/span>\n\t\t\t\t<span class=\"iw-so-tgl-close\"><\/span>\n\t\t\t<\/a>\n\n\t\t\t<div class=\"iw-so-acc-content\">\n\t\t\t\t<p style=\"text-align: center;\"><b>SUPID JA SALATID<\/b><\/p>\n<p style=\"text-align: center;\"><b>L\u00f5he- ja kartulisupp 11.90 \u20ac<\/b><\/p>\n<p style=\"text-align: center;\"><b>Liha seljanka 9.90 \u20ac<\/b><\/p>\n<p style=\"text-align: center;\"><b>Caesari Salat Kanaga 14.90 \u20ac<\/b><\/p>\n<p style=\"text-align: center;\"><span style=\"font-weight: 400;\">Salatisegu, kana, kirsstomat, kurk, Caesari kaste, krutoonid, parmesan<\/span><\/p>\n<p style=\"text-align: center;\"><b>Caesari Salad Krevettidega 16.90 \u20ac<\/b><\/p>\n<p style=\"text-align: center;\"><span style=\"font-weight: 400;\">Salatisegu, krevetid, kirsstomat, kurk, Caesari kaste, krutoonid, parmesan<\/span><\/p>\n\t\t\t<\/div>\n\n\t\t<\/div>\n\n\t\t\n\t\n<\/div>\n<\/div><\/div><\/div><div id=\"panel-567-0-0-3\" class=\"so-panel widget widget_ink-accordion\" data-index=\"3\" ><div data-iw-animation-delay=\"\" data-iw-animation-position=\"\" class=\"panel-widget-style panel-widget-style-for-567-0-0-3\" ><div\n\t\t\t\n\t\t\tclass=\"so-widget-ink-accordion so-widget-ink-accordion-accordion-0fd29760394f-567\"\n\t\t\t\n\t\t>\n<div class=\"iw-so-accordion-plain iw-so-accordion iw-so-acc-singleExpand\">\n\n\t\n\t\t<div class=\"iw-so-acc-item\"  id=\"toggle-3-1\">\n\n\t\t\t<a href=\"#\" class=\"iw-so-acc-title iw-text-center\">\n\t\t\t\tP\u00f5hiroog\t\t\t\t<span class=\"iw-so-tgl-open\"><\/span>\n\t\t\t\t<span class=\"iw-so-tgl-close\"><\/span>\n\t\t\t<\/a>\n\n\t\t\t<div class=\"iw-so-acc-content\">\n\t\t\t\t<p style=\"text-align: center;\"><b>PEAROAD<\/b><\/p>\n<p style=\"text-align: center;\"><b>Lasanje hakklihakastmega 15.90\u20ac<\/b><\/p>\n<p style=\"text-align: center;\"><b>Sealiha- v\u00f5i kana\u0161a\u0161l\u00f5kk 17.90 \u20ac<\/b><\/p>\n<p style=\"text-align: center;\"><span style=\"font-weight: 400;\">Sea- v\u00f5i kana\u0161a\u0161l\u00f5kk, ahjukartuli ja salatiga<\/span><\/p>\n<p style=\"text-align: center;\"><b>Kooritud tiigerkrevettide sabad<\/b><span style=\"font-weight: 400;\"> vardas ja v\u00e4rske salat<\/span><b> 15.90 \u20ac<\/b><\/p>\n<p style=\"text-align: center;\"><b>Grillitud Sealiha Ribid 20.90 \u20ac<\/b><\/p>\n<p style=\"text-align: center;\"><span style=\"font-weight: 400;\">Aeglaselt keedetud <\/span><b>BBQ ribid<\/b><span style=\"font-weight: 400;\">, salati ja ahjukartulitega<\/span><\/p>\n<p style=\"text-align: center;\"><b>Grillitud tuunikala<\/b><span style=\"font-weight: 400;\"> filee ahjukartuliga <\/span><b>18.90 \u20ac<\/b><\/p>\n<p style=\"text-align: center;\"><b>Grillitud hiidkrevetid<\/b><span style=\"font-weight: 400;\"> k\u00fc\u00fcslaugu kastmega ja v\u00e4rske salatiga <\/span><b>19.90 \u20ac<\/b><\/p>\n<p style=\"text-align: center;\"><b>Grillitud l\u00f5hefilee<\/b><span style=\"font-weight: 400;\"> ahjukartuliga 22.90 \u20ac<\/span><\/p>\n<p style=\"text-align: center;\"><b>Laavakividel valmistatud liha<\/b><\/p>\n<p style=\"text-align: center;\"><b>Cube roll pihv<\/b><span style=\"font-weight: 400;\"> (Uruguay) teravilja s\u00f6\u00f6tmine, <\/span><b>25.90 \u20ac<\/b><\/p>\n<p style=\"text-align: center;\"><span style=\"font-weight: 400;\">serveeritakse ahjukartuli- ja salatiga<\/span><\/p>\n<p style=\"text-align: center;\"><b>Lihaveise filee<\/b> <b>29.90 \u20ac<\/b><\/p>\n<p style=\"text-align: center;\"><span style=\"font-weight: 400;\">Rohelise pipra- v\u00f5i seenekastmes, serveeritakse salatiga<\/span><\/p>\n<p style=\"text-align: center;\"><b>T-luupihvi<\/b><span style=\"font-weight: 400;\"> (Holland) 400 gr serveeritakse ahjukartuli- ja salatiga <\/span><b>45.90 \u20ac<\/b><\/p>\n\t\t\t<\/div>\n\n\t\t<\/div>\n\n\t\t\n\t\n<\/div>\n<\/div><\/div><\/div><div id=\"panel-567-0-0-4\" class=\"so-panel widget widget_ink-accordion\" data-index=\"4\" ><div data-iw-animation-delay=\"\" data-iw-animation-position=\"\" class=\"panel-widget-style panel-widget-style-for-567-0-0-4\" ><div\n\t\t\t\n\t\t\tclass=\"so-widget-ink-accordion so-widget-ink-accordion-accordion-a9422723d239-567\"\n\t\t\t\n\t\t>\n<div class=\"iw-so-accordion-plain iw-so-accordion iw-so-acc-singleExpand\">\n\n\t\n\t\t<div class=\"iw-so-acc-item\"  id=\"toggle-4-1\">\n\n\t\t\t<a href=\"#\" class=\"iw-so-acc-title iw-text-center\">\n\t\t\t\tSuupisted\t\t\t\t<span class=\"iw-so-tgl-open\"><\/span>\n\t\t\t\t<span class=\"iw-so-tgl-close\"><\/span>\n\t\t\t<\/a>\n\n\t\t\t<div class=\"iw-so-acc-content\">\n\t\t\t\t<p style=\"text-align: center;\"><b>K\u00fc\u00fcslauguleivad 7.90 \u20ac<\/b><\/p>\n<p style=\"text-align: center;\"><b>V\u00fcrtsikad Kana Tiivad 10.90 \u20ac<\/b><\/p>\n<p style=\"text-align: center;\"><b>5 x kanatiivad v\u00fcrtsikas kastmes<\/b><\/p>\n<p style=\"text-align: center;\"><b>7 x tempura kreveti magushapu kastmega 13.90 \u20ac<\/b><\/p>\n\t\t\t<\/div>\n\n\t\t<\/div>\n\n\t\t\n\t\n<\/div>\n<\/div><\/div><\/div><div id=\"panel-567-0-0-5\" class=\"so-panel widget widget_ink-accordion\" data-index=\"5\" ><div data-iw-animation-delay=\"\" data-iw-animation-position=\"\" class=\"panel-widget-style panel-widget-style-for-567-0-0-5\" ><div\n\t\t\t\n\t\t\tclass=\"so-widget-ink-accordion so-widget-ink-accordion-accordion-7041701036ba-567\"\n\t\t\t\n\t\t>\n<div class=\"iw-so-accordion-plain iw-so-accordion iw-so-acc-singleExpand\">\n\n\t\n\t\t<div class=\"iw-so-acc-item\"  id=\"toggle-5-1\">\n\n\t\t\t<a href=\"#\" class=\"iw-so-acc-title iw-text-center\">\n\t\t\t\tPasta\t\t\t\t<span class=\"iw-so-tgl-open\"><\/span>\n\t\t\t\t<span class=\"iw-so-tgl-close\"><\/span>\n\t\t\t<\/a>\n\n\t\t\t<div class=\"iw-so-acc-content\">\n\t\t\t\t<p style=\"text-align: center;\"><strong>Lasanje veiselihaga<\/strong><\/p>\n<p style=\"text-align: center;\">14,90\u20ac<\/p>\n<p style=\"text-align: center;\">\n<\/p>\t\t\t<\/div>\n\n\t\t<\/div>\n\n\t\t\n\t\n<\/div>\n<\/div><\/div><\/div><div id=\"panel-567-0-0-6\" class=\"so-panel widget widget_ink-accordion\" data-index=\"6\" ><div data-iw-animation-delay=\"\" data-iw-animation-position=\"\" class=\"panel-widget-style panel-widget-style-for-567-0-0-6\" ><div\n\t\t\t\n\t\t\tclass=\"so-widget-ink-accordion so-widget-ink-accordion-accordion-7041701036ba-567\"\n\t\t\t\n\t\t>\n<div class=\"iw-so-accordion-plain iw-so-accordion iw-so-acc-singleExpand\">\n\n\t\n\t\t<div class=\"iw-so-acc-item\"  id=\"toggle-6-1\">\n\n\t\t\t<a href=\"#\" class=\"iw-so-acc-title iw-text-center\">\n\t\t\t\tBurgerid\t\t\t\t<span class=\"iw-so-tgl-open\"><\/span>\n\t\t\t\t<span class=\"iw-so-tgl-close\"><\/span>\n\t\t\t<\/a>\n\n\t\t\t<div class=\"iw-so-acc-content\">\n\t\t\t\t<p style=\"text-align: center;\"><b>Burger Friikartulitega 15.90 \u20ac<\/b><\/p>\n<p style=\"text-align: center;\"><b>100% veiseliha, cheddar juust, salat, tomat, sibul, hapukurk, majakaste, friikartul<\/b><\/p>\n<p style=\"text-align: center;\"><b>Topelt Burger Friikartulitega 20.90 \u20ac<\/b><\/p>\n<p style=\"text-align: center;\"><b>100% veiseliha, cheddar juust, salat, tomat, sibul, hapukurk, majakaste, friikartul<\/b><\/p>\n\t\t\t<\/div>\n\n\t\t<\/div>\n\n\t\t\n\t\n<\/div>\n<\/div><\/div><\/div><div id=\"panel-567-0-0-7\" class=\"so-panel widget widget_ink-accordion\" data-index=\"7\" ><div data-iw-animation-delay=\"\" data-iw-animation-position=\"\" class=\"panel-widget-style panel-widget-style-for-567-0-0-7\" ><div\n\t\t\t\n\t\t\tclass=\"so-widget-ink-accordion so-widget-ink-accordion-accordion-7041701036ba-567\"\n\t\t\t\n\t\t>\n<div class=\"iw-so-accordion-plain iw-so-accordion iw-so-acc-singleExpand\">\n\n\t\n\t\t<div class=\"iw-so-acc-item\"  id=\"toggle-7-1\">\n\n\t\t\t<a href=\"#\" class=\"iw-so-acc-title iw-text-center\">\n\t\t\t\tEesti k\u00f6\u00f6k\t\t\t\t<span class=\"iw-so-tgl-open\"><\/span>\n\t\t\t\t<span class=\"iw-so-tgl-close\"><\/span>\n\t\t\t<\/a>\n\n\t\t\t<div class=\"iw-so-acc-content\">\n\t\t\t\t<p style=\"text-align: center;\"><b>Eestip\u00e4rased road<\/b><\/p>\n<p style=\"text-align: center;\"><b>Seapraad 17.90 \u20ac<\/b><\/p>\n<p style=\"text-align: center;\"><b>Ahjukartuli ja hapukapsaga<\/b><\/p>\n<p style=\"text-align: center;\"><b>Hautatud Metssiga 27.90 \u20ac<\/b><\/p>\n<p style=\"text-align: center;\"><b>Hautatud metssiga, ahjukartuli ja salatiga<\/b><\/p>\n<p style=\"text-align: center;\"><b>Hautatud Hirv 29.90 \u20ac<\/b><\/p>\n<p style=\"text-align: center;\"><b>Hautatud hirv marjadega ja kartulip\u00fcreega<\/b><\/p>\n\t\t\t<\/div>\n\n\t\t<\/div>\n\n\t\t\n\t\n<\/div>\n<\/div><\/div><\/div><div id=\"panel-567-0-0-8\" class=\"so-panel widget widget_ink-accordion panel-last-child\" data-index=\"8\" ><div data-iw-animation-delay=\"\" data-iw-animation-position=\"\" class=\"panel-widget-style panel-widget-style-for-567-0-0-8\" ><div\n\t\t\t\n\t\t\tclass=\"so-widget-ink-accordion so-widget-ink-accordion-accordion-092869da2d86-567\"\n\t\t\t\n\t\t>\n<div class=\"iw-so-accordion-plain iw-so-accordion iw-so-acc-singleExpand\">\n\n\t\n\t\t<div class=\"iw-so-acc-item\"  id=\"toggle-8-1\">\n\n\t\t\t<a href=\"#\" class=\"iw-so-acc-title iw-text-center\">\n\t\t\t\tK\u00f5rvalroad\t\t\t\t<span class=\"iw-so-tgl-open\"><\/span>\n\t\t\t\t<span class=\"iw-so-tgl-close\"><\/span>\n\t\t\t<\/a>\n\n\t\t\t<div class=\"iw-so-acc-content\">\n\t\t\t\t<p style=\"text-align: center;\"><b>K\u00d5RVALROAD\u00a0<\/b><\/p>\n<p style=\"text-align: center;\"><b>Friikartulid 5.00 \u20ac<\/b><\/p>\n<p style=\"text-align: center;\"><b>Bataadi Friikartulid 7.00 \u20ac<\/b><\/p>\n<p style=\"text-align: center;\"><b>Kartulip\u00fcree 7.00 \u20ac<\/b><\/p>\n<p style=\"text-align: center;\"><b>Salat 7.00 \u20ac<\/b><\/p>\n\t\t\t<\/div>\n\n\t\t<\/div>\n\n\t\t\n\t\n<\/div>\n<\/div><\/div><\/div><\/div><\/div><\/div><\/div>","protected":false},"excerpt":{"rendered":"<p>Men\u00fc\u00fc Parim toit Eestis! Hommikus\u00f6\u00f6k Praemunad peekoni ja friikartulitega 8,90\u20ac Munapuder vineritega ja friikartulitega 8,90\u20ac Starterid SUPID JA SALATID L\u00f5he- ja kartulisupp 11.90 \u20ac Liha seljanka 9.90 \u20ac Caesari Salat Kanaga 14.90 \u20ac Salatisegu, kana, kirsstomat, kurk, Caesari kaste, krutoonid, parmesan Caesari Salad Krevettidega 16.90 \u20ac Salatisegu, krevetid, kirsstomat, kurk, Caesari kaste, krutoonid, parmesan P\u00f5hiroog&hellip;<\/p>\n","protected":false},"author":1,"featured_media":0,"parent":0,"menu_order":0,"comment_status":"closed","ping_status":"closed","template":"","meta":{"footnotes":""},"class_list":["post-567","page","type-page","status-publish","hentry","post"],"_links":{"self":[{"href":"https:\/\/oldestonia.com\/et\/wp-json\/wp\/v2\/pages\/567","targetHints":{"allow":["GET"]}}],"collection":[{"href":"https:\/\/oldestonia.com\/et\/wp-json\/wp\/v2\/pages"}],"about":[{"href":"https:\/\/oldestonia.com\/et\/wp-json\/wp\/v2\/types\/page"}],"author":[{"embeddable":true,"href":"https:\/\/oldestonia.com\/et\/wp-json\/wp\/v2\/users\/1"}],"replies":[{"embeddable":true,"href":"https:\/\/oldestonia.com\/et\/wp-json\/wp\/v2\/comments?post=567"}],"version-history":[{"count":20,"href":"https:\/\/oldestonia.com\/et\/wp-json\/wp\/v2\/pages\/567\/revisions"}],"predecessor-version":[{"id":735,"href":"https:\/\/oldestonia.com\/et\/wp-json\/wp\/v2\/pages\/567\/revisions\/735"}],"wp:attachment":[{"href":"https:\/\/oldestonia.com\/et\/wp-json\/wp\/v2\/media?parent=567"}],"curies":[{"name":"wp","href":"https:\/\/api.w.org\/{rel}","templated":true}]}}